{"id":1399,"date":"2026-03-03T19:54:12","date_gmt":"2026-03-03T18:54:12","guid":{"rendered":"https:\/\/unikkiramik.dk\/?page_id=1399"},"modified":"2026-04-08T20:25:46","modified_gmt":"2026-04-08T18:25:46","slug":"dr","status":"publish","type":"page","link":"https:\/\/unikkiramik.dk\/","title":{"rendered":"Droppet er lukket"},"content":{"rendered":"\t\t<div data-elementor-type=\"wp-page\" data-elementor-id=\"1399\" class=\"elementor elementor-1399\">\n\t\t\t\t<div class=\"elementor-element elementor-element-29b1bb1 e-flex e-con-boxed e-con e-parent\" data-id=\"29b1bb1\" data-element_type=\"container\" data-e-type=\"container\">\n\t\t\t\t\t<div class=\"e-con-inner\">\n\t\t\t\t<div class=\"elementor-element elementor-element-1dec9d2 elementor-widget elementor-widget-spacer\" data-id=\"1dec9d2\" data-element_type=\"widget\" data-e-type=\"widget\" data-widget_type=\"spacer.default\">\n\t\t\t\t\t\t\t<div class=\"elementor-spacer\">\n\t\t\t<div class=\"elementor-spacer-inner\"><\/div>\n\t\t<\/div>\n\t\t\t\t\t\t<\/div>\n\t\t\t\t<div class=\"elementor-element elementor-element-50d0264 elementor-widget elementor-widget-heading\" data-id=\"50d0264\" data-element_type=\"widget\" data-e-type=\"widget\" data-widget_type=\"heading.default\">\n\t\t\t\t\t<h2 class=\"elementor-heading-title elementor-size-default\">Droppet er lukket<\/h2>\t\t\t\t<\/div>\n\t\t\t\t<div class=\"elementor-element elementor-element-20c362d elementor-widget-divider--view-line elementor-widget elementor-widget-divider\" data-id=\"20c362d\" data-element_type=\"widget\" data-e-type=\"widget\" data-widget_type=\"divider.default\">\n\t\t\t\t\t\t\t<div class=\"elementor-divider\">\n\t\t\t<span class=\"elementor-divider-separator\">\n\t\t\t\t\t\t<\/span>\n\t\t<\/div>\n\t\t\t\t\t\t<\/div>\n\t\t\t\t\t<\/div>\n\t\t\t\t<\/div>\n\t\t<div class=\"elementor-element elementor-element-0ff7333 e-flex e-con-boxed e-con e-parent\" data-id=\"0ff7333\" data-element_type=\"container\" data-e-type=\"container\">\n\t\t\t\t\t<div class=\"e-con-inner\">\n\t\t\t\t<div class=\"elementor-element elementor-element-5792a1c elementor-widget elementor-widget-spacer\" data-id=\"5792a1c\" data-element_type=\"widget\" data-e-type=\"widget\" data-widget_type=\"spacer.default\">\n\t\t\t\t\t\t\t<div class=\"elementor-spacer\">\n\t\t\t<div class=\"elementor-spacer-inner\"><\/div>\n\t\t<\/div>\n\t\t\t\t\t\t<\/div>\n\t\t\t\t\t<\/div>\n\t\t\t\t<\/div>\n\t\t<div class=\"elementor-element elementor-element-d027fca e-flex e-con-boxed e-con e-parent\" data-id=\"d027fca\" data-element_type=\"container\" data-e-type=\"container\">\n\t\t\t\t\t<div class=\"e-con-inner\">\n\t\t\t\t<div class=\"elementor-element elementor-element-f4c14ec elementor-widget elementor-widget-text-editor\" data-id=\"f4c14ec\" data-element_type=\"widget\" data-e-type=\"widget\" data-widget_type=\"text-editor.default\">\n\t\t\t\t\t\t\t\t\t<p>Tak til alle, der fulgte med. N\u00e6ste drop kommer engang i l\u00f8bet af sommeren 2026.<br \/>N\u00e6rmere info n\u00e5r jeg har besluttet mig for en eksakt dato.<br \/>Tilmeld dig nyhedsbrevet for at f\u00e5\u00a0 besked f\u00f8rst.<\/p>\t\t\t\t\t\t\t\t<\/div>\n\t\t\t\t\t<\/div>\n\t\t\t\t<\/div>\n\t\t<div class=\"elementor-element elementor-element-1e0ae2e e-flex e-con-boxed e-con e-parent\" data-id=\"1e0ae2e\" data-element_type=\"container\" data-e-type=\"container\">\n\t\t\t\t\t<div class=\"e-con-inner\">\n\t\t\t\t<div class=\"elementor-element elementor-element-18c7537 elementor-align-center elementor-widget elementor-widget-button\" data-id=\"18c7537\" data-element_type=\"widget\" data-e-type=\"widget\" data-widget_type=\"button.default\">\n\t\t\t\t\t\t\t\t\t\t<a class=\"elementor-button elementor-button-link elementor-size-sm\" href=\"https:\/\/unikkiramik.dk\/index.php\/nyhedsbrev-til-unik-kiramik\/\">\n\t\t\t\t\t\t<span class=\"elementor-button-content-wrapper\">\n\t\t\t\t\t\t\t\t\t<span class=\"elementor-button-text\">Tilmeld dig her<\/span>\n\t\t\t\t\t<\/span>\n\t\t\t\t\t<\/a>\n\t\t\t\t\t\t\t\t<\/div>\n\t\t\t\t<div class=\"elementor-element elementor-element-4aa87d8 elementor-widget elementor-widget-spacer\" data-id=\"4aa87d8\" data-element_type=\"widget\" data-e-type=\"widget\" data-widget_type=\"spacer.default\">\n\t\t\t\t\t\t\t<div class=\"elementor-spacer\">\n\t\t\t<div class=\"elementor-spacer-inner\"><\/div>\n\t\t<\/div>\n\t\t\t\t\t\t<\/div>\n\t\t\t\t\t<\/div>\n\t\t\t\t<\/div>\n\t\t<div class=\"elementor-element elementor-element-15ba8b9 e-flex e-con-boxed e-con e-parent\" data-id=\"15ba8b9\" data-element_type=\"container\" data-e-type=\"container\">\n\t\t\t\t\t<div class=\"e-con-inner\">\n\t\t\t\t<div class=\"elementor-element elementor-element-218bebc elementor-widget elementor-widget-image\" data-id=\"218bebc\" data-element_type=\"widget\" data-e-type=\"widget\" data-widget_type=\"image.default\">\n\t\t\t\t\t\t\t\t\t\t\t\t\t\t\t<img fetchpriority=\"high\" decoding=\"async\" width=\"591\" height=\"738\" src=\"https:\/\/unikkiramik.dk\/wp-content\/uploads\/2025\/11\/Fru-Madsen_miljoe.png\" class=\"attachment-medium_large size-medium_large wp-image-945\" alt=\"Stent\u00f8jsfigur Fru Madsen. H\u00e5ndlavet af keramiker Unik KIramik\" srcset=\"https:\/\/unikkiramik.dk\/wp-content\/uploads\/2025\/11\/Fru-Madsen_miljoe.png 591w, https:\/\/unikkiramik.dk\/wp-content\/uploads\/2025\/11\/Fru-Madsen_miljoe-240x300.png 240w, https:\/\/unikkiramik.dk\/wp-content\/uploads\/2025\/11\/Fru-Madsen_miljoe-416x519.png 416w\" sizes=\"(max-width: 591px) 100vw, 591px\" \/>\t\t\t\t\t\t\t\t\t\t\t\t\t\t\t<\/div>\n\t\t\t\t\t<\/div>\n\t\t\t\t<\/div>\n\t\t\t\t<\/div>\n\t\t","protected":false},"excerpt":{"rendered":"<p>Droppet er lukket Tak til alle, der fulgte med. N\u00e6ste drop kommer engang i l\u00f8bet af sommeren 2026.N\u00e6rmere info n\u00e5r jeg har besluttet mig for en eksakt dato.Tilmeld dig nyhedsbrevet for at f\u00e5\u00a0 besked f\u00f8rst. Tilmeld dig her<\/p>\n","protected":false},"author":1,"featured_media":0,"parent":0,"menu_order":0,"comment_status":"closed","ping_status":"closed","template":"","meta":{"_monsterinsights_skip_tracking":false,"_monsterinsights_sitenote_active":false,"_monsterinsights_sitenote_note":"","_monsterinsights_sitenote_category":0,"_uf_show_specific_survey":0,"_uf_disable_surveys":false,"footnotes":""},"class_list":["post-1399","page","type-page","status-publish","hentry"],"aioseo_notices":[],"jetpack_sharing_enabled":true,"_links":{"self":[{"href":"https:\/\/unikkiramik.dk\/index.php\/wp-json\/wp\/v2\/pages\/1399","targetHints":{"allow":["GET"]}}],"collection":[{"href":"https:\/\/unikkiramik.dk\/index.php\/wp-json\/wp\/v2\/pages"}],"about":[{"href":"https:\/\/unikkiramik.dk\/index.php\/wp-json\/wp\/v2\/types\/page"}],"author":[{"embeddable":true,"href":"https:\/\/unikkiramik.dk\/index.php\/wp-json\/wp\/v2\/users\/1"}],"replies":[{"embeddable":true,"href":"https:\/\/unikkiramik.dk\/index.php\/wp-json\/wp\/v2\/comments?post=1399"}],"version-history":[{"count":23,"href":"https:\/\/unikkiramik.dk\/index.php\/wp-json\/wp\/v2\/pages\/1399\/revisions"}],"predecessor-version":[{"id":1464,"href":"https:\/\/unikkiramik.dk\/index.php\/wp-json\/wp\/v2\/pages\/1399\/revisions\/1464"}],"wp:attachment":[{"href":"https:\/\/unikkiramik.dk\/index.php\/wp-json\/wp\/v2\/media?parent=1399"}],"curies":[{"name":"wp","href":"https:\/\/api.w.org\/{rel}","templated":true}]}}