{"id":1307,"date":"2026-02-23T16:07:28","date_gmt":"2026-02-23T16:07:28","guid":{"rendered":"https:\/\/unikkiramik.dk\/?post_type=product&#038;p=1307"},"modified":"2026-02-26T17:32:01","modified_gmt":"2026-02-26T17:32:01","slug":"skumring-mellem-str-skaal","status":"publish","type":"product","link":"https:\/\/unikkiramik.dk\/index.php\/product\/skumring-mellem-str-skaal\/","title":{"rendered":"Skumring mellem str. sk\u00e5l"},"content":{"rendered":"<p data-start=\"2494\" data-end=\"2672\">Denne sk\u00e5l er lavet i sort ler med en r\u00e5, mat yderside og en st\u00f8vet bl\u00e5 glasur indeni. Kontrasten mellem det m\u00f8rke ler og den bl\u00f8de bl\u00e5 inderside giver et dybt og nordisk udtryk.<\/p>\n<p data-start=\"2674\" data-end=\"2736\">Velegnet til servering eller som dekorativt element i hjemmet.<\/p>\n<p data-start=\"2738\" data-end=\"2795\">Sm\u00e5 variationer i glasurens spil er en del af h\u00e5ndv\u00e6rket.<\/p>\n","protected":false},"excerpt":{"rendered":"<p>Sk\u00e5l i sort ler, r\u00e5 udenp\u00e5 og glaseret i st\u00f8vet bl\u00e5 indeni.<br data-start=\"2438\" data-end=\"2441\" \/>R\u00e5 og rolig i sit udtryk.<\/p>\n<p>Ca. m\u00e5l: 28 cm i diameter og ca. 6 cm. h\u00f8j.<br \/>\nT\u00e5ler opvaskemaskine.<\/p>\n","protected":false},"featured_media":1359,"template":"","meta":{"_monsterinsights_skip_tracking":false,"_monsterinsights_sitenote_active":false,"_monsterinsights_sitenote_note":"","_monsterinsights_sitenote_category":0,"_uf_show_specific_survey":0,"_uf_disable_surveys":false},"product_brand":[],"product_cat":[19],"product_tag":[],"class_list":{"0":"post-1307","1":"product","2":"type-product","3":"status-publish","4":"has-post-thumbnail","6":"product_cat-uncategorized","8":"first","9":"instock","10":"taxable","11":"shipping-taxable","12":"purchasable","13":"product-type-simple"},"aioseo_notices":[],"jetpack_sharing_enabled":true,"_links":{"self":[{"href":"https:\/\/unikkiramik.dk\/index.php\/wp-json\/wp\/v2\/product\/1307","targetHints":{"allow":["GET"]}}],"collection":[{"href":"https:\/\/unikkiramik.dk\/index.php\/wp-json\/wp\/v2\/product"}],"about":[{"href":"https:\/\/unikkiramik.dk\/index.php\/wp-json\/wp\/v2\/types\/product"}],"wp:featuredmedia":[{"embeddable":true,"href":"https:\/\/unikkiramik.dk\/index.php\/wp-json\/wp\/v2\/media\/1359"}],"wp:attachment":[{"href":"https:\/\/unikkiramik.dk\/index.php\/wp-json\/wp\/v2\/media?parent=1307"}],"wp:term":[{"taxonomy":"product_brand","embeddable":true,"href":"https:\/\/unikkiramik.dk\/index.php\/wp-json\/wp\/v2\/product_brand?post=1307"},{"taxonomy":"product_cat","embeddable":true,"href":"https:\/\/unikkiramik.dk\/index.php\/wp-json\/wp\/v2\/product_cat?post=1307"},{"taxonomy":"product_tag","embeddable":true,"href":"https:\/\/unikkiramik.dk\/index.php\/wp-json\/wp\/v2\/product_tag?post=1307"}],"curies":[{"name":"wp","href":"https:\/\/api.w.org\/{rel}","templated":true}]}}