{"id":1309,"date":"2026-02-23T16:08:16","date_gmt":"2026-02-23T16:08:16","guid":{"rendered":"https:\/\/unikkiramik.dk\/?post_type=product&#038;p=1309"},"modified":"2026-02-24T10:32:03","modified_gmt":"2026-02-24T10:32:03","slug":"skumring-morgenmadsskaal","status":"publish","type":"product","link":"https:\/\/unikkiramik.dk\/index.php\/product\/skumring-morgenmadsskaal\/","title":{"rendered":"Skumring morgenmadssk\u00e5l"},"content":{"rendered":"<p data-start=\"2955\" data-end=\"3129\">En mindre udgave i samme udtryk som resten af Skumring-serien. Sort ler med r\u00e5 overflade udvendigt og en st\u00f8vet bl\u00e5 glasur indeni skaber en fin balance mellem det robuste og det bl\u00f8de.<\/p>\n<p data-start=\"3131\" data-end=\"3175\">Perfekt til morgenmad eller sm\u00e5 serveringer.<\/p>\n","protected":false},"excerpt":{"rendered":"<p>Morgenmadssk\u00e5l i sort ler med r\u00e5 yderside og st\u00f8vet bl\u00e5 glasur indeni.<\/p>\n<p>Ca. m\u00e5l: 17 cm i diameter og 3,5 cm. h\u00f8j.<br \/>\nT\u00e5ler opvaskemaskine.<\/p>\n","protected":false},"featured_media":1357,"template":"","meta":{"_monsterinsights_skip_tracking":false,"_monsterinsights_sitenote_active":false,"_monsterinsights_sitenote_note":"","_monsterinsights_sitenote_category":0,"_uf_show_specific_survey":0,"_uf_disable_surveys":false},"product_brand":[],"product_cat":[19],"product_tag":[],"class_list":{"0":"post-1309","1":"product","2":"type-product","3":"status-publish","4":"has-post-thumbnail","6":"product_cat-uncategorized","8":"first","9":"instock","10":"taxable","11":"shipping-taxable","12":"purchasable","13":"product-type-simple"},"aioseo_notices":[],"jetpack_sharing_enabled":true,"_links":{"self":[{"href":"https:\/\/unikkiramik.dk\/index.php\/wp-json\/wp\/v2\/product\/1309","targetHints":{"allow":["GET"]}}],"collection":[{"href":"https:\/\/unikkiramik.dk\/index.php\/wp-json\/wp\/v2\/product"}],"about":[{"href":"https:\/\/unikkiramik.dk\/index.php\/wp-json\/wp\/v2\/types\/product"}],"wp:featuredmedia":[{"embeddable":true,"href":"https:\/\/unikkiramik.dk\/index.php\/wp-json\/wp\/v2\/media\/1357"}],"wp:attachment":[{"href":"https:\/\/unikkiramik.dk\/index.php\/wp-json\/wp\/v2\/media?parent=1309"}],"wp:term":[{"taxonomy":"product_brand","embeddable":true,"href":"https:\/\/unikkiramik.dk\/index.php\/wp-json\/wp\/v2\/product_brand?post=1309"},{"taxonomy":"product_cat","embeddable":true,"href":"https:\/\/unikkiramik.dk\/index.php\/wp-json\/wp\/v2\/product_cat?post=1309"},{"taxonomy":"product_tag","embeddable":true,"href":"https:\/\/unikkiramik.dk\/index.php\/wp-json\/wp\/v2\/product_tag?post=1309"}],"curies":[{"name":"wp","href":"https:\/\/api.w.org\/{rel}","templated":true}]}}