{"id":1391,"date":"2026-03-01T08:57:19","date_gmt":"2026-03-01T08:57:19","guid":{"rendered":"https:\/\/unikkiramik.dk\/?post_type=product&#038;p=1391"},"modified":"2026-03-01T09:01:23","modified_gmt":"2026-03-01T09:01:23","slug":"morgensand-morgenmadsskaal","status":"publish","type":"product","link":"https:\/\/unikkiramik.dk\/index.php\/product\/morgensand-morgenmadsskaal\/","title":{"rendered":"Morgensand morgenmadssk\u00e5l"},"content":{"rendered":"<p data-start=\"2032\" data-end=\"2197\">Formet i h\u00e5nden med pinchmetoden, har denne sk\u00e5l et bl\u00f8dt og naturligt udtryk.<br \/>\nDe beige toner bev\u00e6ger sig let i glasuren og skaber et roligt udtryk, n\u00e6sten som en sandstrand i morgensolen.<\/p>\n<p data-start=\"2199\" data-end=\"2275\">Sk\u00e5len ligger godt i h\u00e5nden og er ideel til morgenmad eller sm\u00e5 serveringer.<\/p>\n<p data-start=\"2277\" data-end=\"2320\">Hver sk\u00e5l varierer let i form og farvespil.<\/p>\n","protected":false},"excerpt":{"rendered":"<p>H\u00e5ndformet morgenmadssk\u00e5l i beige nuancer.<br data-start=\"1972\" data-end=\"1975\" \/>Organisk og levende i formen.<\/p>\n<p>Ca. m\u00e5l: 14 cm i diameter og 4,5 cm h\u00f8j.<br \/>\nT\u00e5ler opvaskemaskine.<\/p>\n","protected":false},"featured_media":1393,"template":"","meta":{"_monsterinsights_skip_tracking":false,"_monsterinsights_sitenote_active":false,"_monsterinsights_sitenote_note":"","_monsterinsights_sitenote_category":0,"_uf_show_specific_survey":0,"_uf_disable_surveys":false},"product_brand":[],"product_cat":[19],"product_tag":[],"class_list":{"0":"post-1391","1":"product","2":"type-product","3":"status-publish","4":"has-post-thumbnail","6":"product_cat-uncategorized","8":"first","9":"instock","10":"taxable","11":"shipping-taxable","12":"purchasable","13":"product-type-simple"},"aioseo_notices":[],"jetpack_sharing_enabled":true,"_links":{"self":[{"href":"https:\/\/unikkiramik.dk\/index.php\/wp-json\/wp\/v2\/product\/1391","targetHints":{"allow":["GET"]}}],"collection":[{"href":"https:\/\/unikkiramik.dk\/index.php\/wp-json\/wp\/v2\/product"}],"about":[{"href":"https:\/\/unikkiramik.dk\/index.php\/wp-json\/wp\/v2\/types\/product"}],"wp:featuredmedia":[{"embeddable":true,"href":"https:\/\/unikkiramik.dk\/index.php\/wp-json\/wp\/v2\/media\/1393"}],"wp:attachment":[{"href":"https:\/\/unikkiramik.dk\/index.php\/wp-json\/wp\/v2\/media?parent=1391"}],"wp:term":[{"taxonomy":"product_brand","embeddable":true,"href":"https:\/\/unikkiramik.dk\/index.php\/wp-json\/wp\/v2\/product_brand?post=1391"},{"taxonomy":"product_cat","embeddable":true,"href":"https:\/\/unikkiramik.dk\/index.php\/wp-json\/wp\/v2\/product_cat?post=1391"},{"taxonomy":"product_tag","embeddable":true,"href":"https:\/\/unikkiramik.dk\/index.php\/wp-json\/wp\/v2\/product_tag?post=1391"}],"curies":[{"name":"wp","href":"https:\/\/api.w.org\/{rel}","templated":true}]}}